{"id":579,"date":"2016-11-28T17:15:09","date_gmt":"2016-11-28T19:15:09","guid":{"rendered":"http:\/\/senar.agropecuaria.ws\/?page_id=579"},"modified":"2016-11-28T17:15:09","modified_gmt":"2016-11-28T19:15:09","slug":"cooperativismo","status":"publish","type":"page","link":"https:\/\/www.sistemafaeal.org.br\/senar\/atuacao\/promocao-social\/programas\/cooperativismo\/","title":{"rendered":"Cooperativismo"},"content":{"rendered":"<p><strong>Objetivo:<\/strong> Capacitar a fam\u00edlia rural em cooperativismo, visando conscientiz\u00e1-los da import\u00e2ncia de trabalhar em coopera\u00e7\u00e3o.<\/p>\n<p><strong>Requisitos: <\/strong><\/p>\n<ul>\n<li>Ter condi\u00e7\u00f5es f\u00edsicas e mentais para o exerc\u00edcio de ocupa\u00e7\u00e3o<\/li>\n<li>Ser produtor (a) ou trabalhador (a) rural<\/li>\n<li>Ter idade m\u00ednima de 18 anos<\/li>\n<li>Ser Alfabetizado<\/li>\n<\/ul>\n<p><strong>Carga Hor\u00e1ria:<\/strong> 24 horas<\/p>\n","protected":false},"excerpt":{"rendered":"<p>Objetivo: Capacitar a fam\u00edlia rural em cooperativismo, visando conscientiz\u00e1-los da import\u00e2ncia de trabalhar em coopera\u00e7\u00e3o. Requisitos: Ter condi\u00e7\u00f5es f\u00edsicas e mentais para o exerc\u00edcio de ocupa\u00e7\u00e3o Ser produtor (a) ou trabalhador (a) rural Ter idade m\u00ednima de 18 anos Ser Alfabetizado Carga Hor\u00e1ria: 24 horas<\/p>\n","protected":false},"author":1,"featured_media":0,"parent":232,"menu_order":0,"comment_status":"closed","ping_status":"closed","template":"","meta":{"footnotes":""},"class_list":["post-579","page","type-page","status-publish","hentry"],"_links":{"self":[{"href":"https:\/\/www.sistemafaeal.org.br\/senar\/wp-json\/wp\/v2\/pages\/579","targetHints":{"allow":["GET"]}}],"collection":[{"href":"https:\/\/www.sistemafaeal.org.br\/senar\/wp-json\/wp\/v2\/pages"}],"about":[{"href":"https:\/\/www.sistemafaeal.org.br\/senar\/wp-json\/wp\/v2\/types\/page"}],"author":[{"embeddable":true,"href":"https:\/\/www.sistemafaeal.org.br\/senar\/wp-json\/wp\/v2\/users\/1"}],"replies":[{"embeddable":true,"href":"https:\/\/www.sistemafaeal.org.br\/senar\/wp-json\/wp\/v2\/comments?post=579"}],"version-history":[{"count":0,"href":"https:\/\/www.sistemafaeal.org.br\/senar\/wp-json\/wp\/v2\/pages\/579\/revisions"}],"up":[{"embeddable":true,"href":"https:\/\/www.sistemafaeal.org.br\/senar\/wp-json\/wp\/v2\/pages\/232"}],"wp:attachment":[{"href":"https:\/\/www.sistemafaeal.org.br\/senar\/wp-json\/wp\/v2\/media?parent=579"}],"curies":[{"name":"wp","href":"https:\/\/api.w.org\/{rel}","templated":true}]}}