{"id":587,"date":"2016-11-28T17:45:07","date_gmt":"2016-11-28T19:45:07","guid":{"rendered":"http:\/\/senar.agropecuaria.ws\/?page_id=587"},"modified":"2016-12-06T18:01:07","modified_gmt":"2016-12-06T20:01:07","slug":"fabricacao-de-paes-caseiros","status":"publish","type":"page","link":"https:\/\/www.sistemafaeal.org.br\/senar\/atuacao\/formacao-profissional-rural\/cursos\/fabricacao-de-paes-caseiros\/","title":{"rendered":"Fabrica\u00e7\u00e3o de P\u00e3es Caseiros"},"content":{"rendered":"<p><strong>Objetivo:<\/strong> Capacitar fam\u00edlias rurais na Fabrica\u00e7\u00e3o de P\u00e3es, visando proporcionar gera\u00e7\u00e3o de emprego e renda e melhoria da qualidade de vida<\/p>\n<p><strong>Requisitos: <\/strong><\/p>\n<ul>\n<li>Ter condi\u00e7\u00f5es f\u00edsicas e mentais para o exerc\u00edcio de ocupa\u00e7\u00e3o<\/li>\n<li>Ser produtor (a) ou trabalhador (a) rural<\/li>\n<li>Ter idade m\u00ednima de 18 anos<\/li>\n<li>Ser Alfabetizado<\/li>\n<\/ul>\n<p><strong>Carga Hor\u00e1ria:<\/strong> 32 horas<\/p>\n","protected":false},"excerpt":{"rendered":"<p>Objetivo: Capacitar fam\u00edlias rurais na Fabrica\u00e7\u00e3o de P\u00e3es, visando proporcionar gera\u00e7\u00e3o de emprego e renda e melhoria da qualidade de vida Requisitos: Ter condi\u00e7\u00f5es f\u00edsicas e mentais para o exerc\u00edcio de ocupa\u00e7\u00e3o Ser produtor (a) ou trabalhador (a) rural Ter idade m\u00ednima de 18 anos Ser Alfabetizado Carga Hor\u00e1ria: 32 horas<\/p>\n","protected":false},"author":1,"featured_media":0,"parent":220,"menu_order":0,"comment_status":"closed","ping_status":"closed","template":"","meta":{"footnotes":""},"class_list":["post-587","page","type-page","status-publish","hentry"],"_links":{"self":[{"href":"https:\/\/www.sistemafaeal.org.br\/senar\/wp-json\/wp\/v2\/pages\/587","targetHints":{"allow":["GET"]}}],"collection":[{"href":"https:\/\/www.sistemafaeal.org.br\/senar\/wp-json\/wp\/v2\/pages"}],"about":[{"href":"https:\/\/www.sistemafaeal.org.br\/senar\/wp-json\/wp\/v2\/types\/page"}],"author":[{"embeddable":true,"href":"https:\/\/www.sistemafaeal.org.br\/senar\/wp-json\/wp\/v2\/users\/1"}],"replies":[{"embeddable":true,"href":"https:\/\/www.sistemafaeal.org.br\/senar\/wp-json\/wp\/v2\/comments?post=587"}],"version-history":[{"count":0,"href":"https:\/\/www.sistemafaeal.org.br\/senar\/wp-json\/wp\/v2\/pages\/587\/revisions"}],"up":[{"embeddable":true,"href":"https:\/\/www.sistemafaeal.org.br\/senar\/wp-json\/wp\/v2\/pages\/220"}],"wp:attachment":[{"href":"https:\/\/www.sistemafaeal.org.br\/senar\/wp-json\/wp\/v2\/media?parent=587"}],"curies":[{"name":"wp","href":"https:\/\/api.w.org\/{rel}","templated":true}]}}