{"id":599,"date":"2016-11-28T17:47:56","date_gmt":"2016-11-28T19:47:56","guid":{"rendered":"http:\/\/senar.agropecuaria.ws\/?page_id=599"},"modified":"2016-12-06T17:54:15","modified_gmt":"2016-12-06T19:54:15","slug":"informatica-basica","status":"publish","type":"page","link":"https:\/\/www.sistemafaeal.org.br\/senar\/atuacao\/formacao-profissional-rural\/cursos\/informatica-basica\/","title":{"rendered":"Inform\u00e1tica B\u00e1sica"},"content":{"rendered":"<p><strong>Objetivo:<\/strong> Capacitar na \u00e1rea de inform\u00e1tica, como necessidade de desenvolvimento de uma habilidade b\u00e1sica para a rela\u00e7\u00e3o com o trabalho e com o conhecimento e como um recurso b\u00e1sico de acesso \u00e1 informa\u00e7\u00e3o<\/p>\n<p><strong>Requisitos: <\/strong><\/p>\n<ul>\n<li>Ter condi\u00e7\u00f5es f\u00edsicas e mentais para o exerc\u00edcio de ocupa\u00e7\u00e3o<\/li>\n<li>N\u00e3o ter no\u00e7\u00e3o de Inform\u00e1tica<\/li>\n<li>Ser produtor (a) ou trabalhador (a) rural<\/li>\n<li>Ter idade m\u00ednima de 18 anos<\/li>\n<li>Ser Alfabetizado<\/li>\n<\/ul>\n<p><strong>Carga Hor\u00e1ria:<\/strong> 20 horas<\/p>\n","protected":false},"excerpt":{"rendered":"<p>Objetivo: Capacitar na \u00e1rea de inform\u00e1tica, como necessidade de desenvolvimento de uma habilidade b\u00e1sica para a rela\u00e7\u00e3o com o trabalho e com o conhecimento e como um recurso b\u00e1sico de acesso \u00e1 informa\u00e7\u00e3o Requisitos: Ter condi\u00e7\u00f5es f\u00edsicas e mentais para o exerc\u00edcio de ocupa\u00e7\u00e3o N\u00e3o ter no\u00e7\u00e3o de Inform\u00e1tica Ser produtor (a) ou trabalhador (a) [&hellip;]<\/p>\n","protected":false},"author":1,"featured_media":0,"parent":220,"menu_order":0,"comment_status":"closed","ping_status":"closed","template":"","meta":{"footnotes":""},"class_list":["post-599","page","type-page","status-publish","hentry"],"_links":{"self":[{"href":"https:\/\/www.sistemafaeal.org.br\/senar\/wp-json\/wp\/v2\/pages\/599","targetHints":{"allow":["GET"]}}],"collection":[{"href":"https:\/\/www.sistemafaeal.org.br\/senar\/wp-json\/wp\/v2\/pages"}],"about":[{"href":"https:\/\/www.sistemafaeal.org.br\/senar\/wp-json\/wp\/v2\/types\/page"}],"author":[{"embeddable":true,"href":"https:\/\/www.sistemafaeal.org.br\/senar\/wp-json\/wp\/v2\/users\/1"}],"replies":[{"embeddable":true,"href":"https:\/\/www.sistemafaeal.org.br\/senar\/wp-json\/wp\/v2\/comments?post=599"}],"version-history":[{"count":0,"href":"https:\/\/www.sistemafaeal.org.br\/senar\/wp-json\/wp\/v2\/pages\/599\/revisions"}],"up":[{"embeddable":true,"href":"https:\/\/www.sistemafaeal.org.br\/senar\/wp-json\/wp\/v2\/pages\/220"}],"wp:attachment":[{"href":"https:\/\/www.sistemafaeal.org.br\/senar\/wp-json\/wp\/v2\/media?parent=599"}],"curies":[{"name":"wp","href":"https:\/\/api.w.org\/{rel}","templated":true}]}}