{"id":601,"date":"2016-11-28T17:48:26","date_gmt":"2016-11-28T19:48:26","guid":{"rendered":"http:\/\/senar.agropecuaria.ws\/?page_id=601"},"modified":"2016-12-06T17:54:21","modified_gmt":"2016-12-06T19:54:21","slug":"programa-de-inclusao-digital-rural","status":"publish","type":"page","link":"https:\/\/www.sistemafaeal.org.br\/senar\/atuacao\/formacao-profissional-rural\/cursos\/programa-de-inclusao-digital-rural\/","title":{"rendered":"Programa de Inclus\u00e3o Digital Rural"},"content":{"rendered":"<p><strong>Objetivo:<\/strong> Dar oportunidade aos produtores de conhecer novas tecnologias para implantar na sua propriedade rural, que certamente ter\u00e3o reflexos no aumento da produtividade;<\/p>\n<p><strong>Requisitos: <\/strong><\/p>\n<ul>\n<li>Ter condi\u00e7\u00f5es f\u00edsicas e mentais para o exerc\u00edcio de ocupa\u00e7\u00e3o<\/li>\n<li>Ser produtor (a) ou trabalhador (a) rural<\/li>\n<li>Ter idade m\u00ednima de 18 anos<\/li>\n<li>Ser Alfabetizado<\/li>\n<\/ul>\n<p><strong>Carga Hor\u00e1ria:<\/strong> 16 horas<\/p>\n","protected":false},"excerpt":{"rendered":"<p>Objetivo: Dar oportunidade aos produtores de conhecer novas tecnologias para implantar na sua propriedade rural, que certamente ter\u00e3o reflexos no aumento da produtividade; Requisitos: Ter condi\u00e7\u00f5es f\u00edsicas e mentais para o exerc\u00edcio de ocupa\u00e7\u00e3o Ser produtor (a) ou trabalhador (a) rural Ter idade m\u00ednima de 18 anos Ser Alfabetizado Carga Hor\u00e1ria: 16 horas<\/p>\n","protected":false},"author":1,"featured_media":0,"parent":220,"menu_order":0,"comment_status":"closed","ping_status":"closed","template":"","meta":{"footnotes":""},"class_list":["post-601","page","type-page","status-publish","hentry"],"_links":{"self":[{"href":"https:\/\/www.sistemafaeal.org.br\/senar\/wp-json\/wp\/v2\/pages\/601","targetHints":{"allow":["GET"]}}],"collection":[{"href":"https:\/\/www.sistemafaeal.org.br\/senar\/wp-json\/wp\/v2\/pages"}],"about":[{"href":"https:\/\/www.sistemafaeal.org.br\/senar\/wp-json\/wp\/v2\/types\/page"}],"author":[{"embeddable":true,"href":"https:\/\/www.sistemafaeal.org.br\/senar\/wp-json\/wp\/v2\/users\/1"}],"replies":[{"embeddable":true,"href":"https:\/\/www.sistemafaeal.org.br\/senar\/wp-json\/wp\/v2\/comments?post=601"}],"version-history":[{"count":0,"href":"https:\/\/www.sistemafaeal.org.br\/senar\/wp-json\/wp\/v2\/pages\/601\/revisions"}],"up":[{"embeddable":true,"href":"https:\/\/www.sistemafaeal.org.br\/senar\/wp-json\/wp\/v2\/pages\/220"}],"wp:attachment":[{"href":"https:\/\/www.sistemafaeal.org.br\/senar\/wp-json\/wp\/v2\/media?parent=601"}],"curies":[{"name":"wp","href":"https:\/\/api.w.org\/{rel}","templated":true}]}}