{"id":603,"date":"2016-11-28T17:48:59","date_gmt":"2016-11-28T19:48:59","guid":{"rendered":"http:\/\/senar.agropecuaria.ws\/?page_id=603"},"modified":"2016-12-06T17:49:33","modified_gmt":"2016-12-06T19:49:33","slug":"eletricista-rural","status":"publish","type":"page","link":"https:\/\/www.sistemafaeal.org.br\/senar\/atuacao\/formacao-profissional-rural\/cursos\/eletricista-rural\/","title":{"rendered":"Eletricista Rural"},"content":{"rendered":"<p><strong>Objetivo:<\/strong> Capacitar produtores e trabalhadores rurais na a\u00e7\u00e3o de Eletricista Rural proporcionando-lhes conhecimentos b\u00e1sicos, a fim de que possam utiliz\u00e1-los como fonte geradora de renda.<\/p>\n<p><strong>Requisitos: <\/strong><\/p>\n<ul>\n<li>Ter condi\u00e7\u00f5es f\u00edsicas e mentais para o exerc\u00edcio de ocupa\u00e7\u00e3o<\/li>\n<li>Ter interesse na atividade como fonte de renda<\/li>\n<li>Ter idade m\u00ednima de 18 anos<\/li>\n<li>Ser Alfabetizado<\/li>\n<\/ul>\n<p><strong>Carga Hor\u00e1ria:<\/strong> 40 horas<\/p>\n","protected":false},"excerpt":{"rendered":"<p>Objetivo: Capacitar produtores e trabalhadores rurais na a\u00e7\u00e3o de Eletricista Rural proporcionando-lhes conhecimentos b\u00e1sicos, a fim de que possam utiliz\u00e1-los como fonte geradora de renda. Requisitos: Ter condi\u00e7\u00f5es f\u00edsicas e mentais para o exerc\u00edcio de ocupa\u00e7\u00e3o Ter interesse na atividade como fonte de renda Ter idade m\u00ednima de 18 anos Ser Alfabetizado Carga Hor\u00e1ria: 40 [&hellip;]<\/p>\n","protected":false},"author":1,"featured_media":0,"parent":220,"menu_order":0,"comment_status":"closed","ping_status":"closed","template":"","meta":{"footnotes":""},"class_list":["post-603","page","type-page","status-publish","hentry"],"_links":{"self":[{"href":"https:\/\/www.sistemafaeal.org.br\/senar\/wp-json\/wp\/v2\/pages\/603","targetHints":{"allow":["GET"]}}],"collection":[{"href":"https:\/\/www.sistemafaeal.org.br\/senar\/wp-json\/wp\/v2\/pages"}],"about":[{"href":"https:\/\/www.sistemafaeal.org.br\/senar\/wp-json\/wp\/v2\/types\/page"}],"author":[{"embeddable":true,"href":"https:\/\/www.sistemafaeal.org.br\/senar\/wp-json\/wp\/v2\/users\/1"}],"replies":[{"embeddable":true,"href":"https:\/\/www.sistemafaeal.org.br\/senar\/wp-json\/wp\/v2\/comments?post=603"}],"version-history":[{"count":0,"href":"https:\/\/www.sistemafaeal.org.br\/senar\/wp-json\/wp\/v2\/pages\/603\/revisions"}],"up":[{"embeddable":true,"href":"https:\/\/www.sistemafaeal.org.br\/senar\/wp-json\/wp\/v2\/pages\/220"}],"wp:attachment":[{"href":"https:\/\/www.sistemafaeal.org.br\/senar\/wp-json\/wp\/v2\/media?parent=603"}],"curies":[{"name":"wp","href":"https:\/\/api.w.org\/{rel}","templated":true}]}}