{"id":730,"date":"2016-12-06T18:04:44","date_gmt":"2016-12-06T20:04:44","guid":{"rendered":"http:\/\/senar.agropecuaria.ws\/?page_id=730"},"modified":"2016-12-06T18:04:44","modified_gmt":"2016-12-06T20:04:44","slug":"com-licenca-vou-a-luta","status":"publish","type":"page","link":"https:\/\/www.sistemafaeal.org.br\/senar\/atuacao\/programas-especiais\/com-licenca-vou-a-luta\/","title":{"rendered":"Com Licen\u00e7a Vou \u00e0 Luta"},"content":{"rendered":"<p style=\"text-align: justify;\">O programa COM LICEN\u00c7A VOU \u00c0 LUTA foi desenvolvido pelo SENAR especialmente para as mulheres do campo.<\/p>\n<p style=\"text-align: justify;\">Com no\u00e7\u00f5es de gest\u00e3o e com conte\u00fados espec\u00edficos de desenvolvimento humano, o Programa ajuda \u00e0s mulheres a melhorar a administra\u00e7\u00e3o da propriedade, seja como chefe de fam\u00edlia ou auxiliando o marido e transformando a participa\u00e7\u00e3o feminina em fator decisivo para o sucesso da empresa rural.<\/p>\n<p style=\"text-align: justify;\">O programa \u00e9 oferecido no formato presencial, com 40 horas, dividido em 5 m\u00f3dulos sequenciais e dependentes:<\/p>\n<p style=\"text-align: justify;\">M\u00f3dulo 1 \u2013 Empreendedorismo<br \/>\nM\u00f3dulo 2 \u2013 Gest\u00e3o Financeira<br \/>\nM\u00f3dulo 3 \u2013 Planejamento Estrat\u00e9gico<br \/>\nM\u00f3dulo 4 \u2013 Legisla\u00e7\u00e3o<br \/>\nM\u00f3dulo 5 \u2013 Lideran\u00e7a<\/p>\n<p style=\"text-align: justify;\"><strong>Como participar<\/strong><\/p>\n<p style=\"text-align: justify;\">Os treinamentos do SENAR s\u00e3o, na maioria das vezes, oferecidos em parceria com os sindicatos patronais rurais. Os produtores e trabalhadores rurais interessados em participar dos treinamentos e programas do SENAR devem procurar o sindicato rural mais pr\u00f3ximos da sua regi\u00e3o e fazer sua inscri\u00e7\u00e3o.<\/p>\n<p style=\"text-align: justify;\">Os cursos do SENAR s\u00e3o gratuitos e voltados para produtores, trabalhadores rurais e suas fam\u00edlias, desde que atendam os pr\u00e9-requisitos de idade e escolaridade que cada treinamento exige.<\/p>\n","protected":false},"excerpt":{"rendered":"<p>O programa COM LICEN\u00c7A VOU \u00c0 LUTA foi desenvolvido pelo SENAR especialmente para as mulheres do campo. Com no\u00e7\u00f5es de gest\u00e3o e com conte\u00fados espec\u00edficos de desenvolvimento humano, o Programa ajuda \u00e0s mulheres a melhorar a administra\u00e7\u00e3o da propriedade, seja como chefe de fam\u00edlia ou auxiliando o marido e transformando a participa\u00e7\u00e3o feminina em fator [&hellip;]<\/p>\n","protected":false},"author":1,"featured_media":0,"parent":333,"menu_order":0,"comment_status":"closed","ping_status":"closed","template":"","meta":{"footnotes":""},"class_list":["post-730","page","type-page","status-publish","hentry"],"_links":{"self":[{"href":"https:\/\/www.sistemafaeal.org.br\/senar\/wp-json\/wp\/v2\/pages\/730","targetHints":{"allow":["GET"]}}],"collection":[{"href":"https:\/\/www.sistemafaeal.org.br\/senar\/wp-json\/wp\/v2\/pages"}],"about":[{"href":"https:\/\/www.sistemafaeal.org.br\/senar\/wp-json\/wp\/v2\/types\/page"}],"author":[{"embeddable":true,"href":"https:\/\/www.sistemafaeal.org.br\/senar\/wp-json\/wp\/v2\/users\/1"}],"replies":[{"embeddable":true,"href":"https:\/\/www.sistemafaeal.org.br\/senar\/wp-json\/wp\/v2\/comments?post=730"}],"version-history":[{"count":0,"href":"https:\/\/www.sistemafaeal.org.br\/senar\/wp-json\/wp\/v2\/pages\/730\/revisions"}],"up":[{"embeddable":true,"href":"https:\/\/www.sistemafaeal.org.br\/senar\/wp-json\/wp\/v2\/pages\/333"}],"wp:attachment":[{"href":"https:\/\/www.sistemafaeal.org.br\/senar\/wp-json\/wp\/v2\/media?parent=730"}],"curies":[{"name":"wp","href":"https:\/\/api.w.org\/{rel}","templated":true}]}}