{"id":732,"date":"2016-12-06T18:06:24","date_gmt":"2016-12-06T20:06:24","guid":{"rendered":"http:\/\/senar.agropecuaria.ws\/?page_id=732"},"modified":"2016-12-06T18:06:24","modified_gmt":"2016-12-06T20:06:24","slug":"jaa-jovem-agricultor-aprendiz","status":"publish","type":"page","link":"https:\/\/www.sistemafaeal.org.br\/senar\/atuacao\/formacao-profissional-rural\/cursos\/jaa-jovem-agricultor-aprendiz\/","title":{"rendered":"JAA &#8211; Jovem Agricultor Aprendiz"},"content":{"rendered":"<p class=\"rtejustify\" style=\"text-align: justify;\">Promovido pelo Servi\u00e7o Nacional de Aprendizagem Rural Administra\u00e7\u00e3o Regional em Alagoas (SENAR\/AL) em parceria com ind\u00fastrias do Estado, o Programa Jovem Agricultor Aprendiz \u00e9 um curso de capacita\u00e7\u00e3o voltado para a comunidade jovem que busca a forma\u00e7\u00e3o profissional por meio do ensino de pr\u00e1ticas agr\u00edcolas.<\/p>\n<p class=\"rtejustify\" style=\"text-align: justify;\">De acordo com Graziela Freitas, da coordena\u00e7\u00e3o pedag\u00f3gica do SENAR Alagoas, o curso oferece diversas vantagens para o jovem participante e beneficia n\u00e3o apenas filhos de funcion\u00e1rios das empresas parceiras, mas tamb\u00e9m de toda a comunidade. \u201cS\u00e3o cursos com carga hor\u00e1ria flex\u00edvel, em que o aluno recebe um aux\u00edlio durante toda a qualifica\u00e7\u00e3o. Eles recebem todos os direitos que um trabalhador normal, pois s\u00e3o contratados como menor aprendiz\u201d, acrescentou Graziela.<\/p>\n<p class=\"rtejustify\" style=\"text-align: justify;\">Atualmente, o SENAR\/AL capacita uma turma de 14 jovens no curso de mecaniza\u00e7\u00e3o agr\u00edcola em parceria com a Usina Triunfo, no munic\u00edpio de Boca da Mata. Com tem 800 horas, o curso come\u00e7ou em fevereiro e segue at\u00e9 o m\u00eas de julho. A capacita\u00e7\u00e3o \u00e9 dividida em duas partes: 400 horas entre teoria e pr\u00e1tica, ministrados pelo SENAR e 400 horas em trabalho realizado dentro da usina.<\/p>\n<p class=\"rtejustify\" style=\"text-align: justify;\">Os cursos do programa Jovem Agricultor Aprendiz acontecem desde 2012. No dia 3 de junho ser\u00e1 a vez do munic\u00edpio de Arapiraca receber a capacita\u00e7\u00e3o na \u00e1rea de avicultura.<\/p>\n","protected":false},"excerpt":{"rendered":"<p>Promovido pelo Servi\u00e7o Nacional de Aprendizagem Rural Administra\u00e7\u00e3o Regional em Alagoas (SENAR\/AL) em parceria com ind\u00fastrias do Estado, o Programa Jovem Agricultor Aprendiz \u00e9 um curso de capacita\u00e7\u00e3o voltado para a comunidade jovem que busca a forma\u00e7\u00e3o profissional por meio do ensino de pr\u00e1ticas agr\u00edcolas. De acordo com Graziela Freitas, da coordena\u00e7\u00e3o pedag\u00f3gica do SENAR [&hellip;]<\/p>\n","protected":false},"author":1,"featured_media":0,"parent":220,"menu_order":0,"comment_status":"closed","ping_status":"closed","template":"","meta":{"footnotes":""},"class_list":["post-732","page","type-page","status-publish","hentry"],"_links":{"self":[{"href":"https:\/\/www.sistemafaeal.org.br\/senar\/wp-json\/wp\/v2\/pages\/732","targetHints":{"allow":["GET"]}}],"collection":[{"href":"https:\/\/www.sistemafaeal.org.br\/senar\/wp-json\/wp\/v2\/pages"}],"about":[{"href":"https:\/\/www.sistemafaeal.org.br\/senar\/wp-json\/wp\/v2\/types\/page"}],"author":[{"embeddable":true,"href":"https:\/\/www.sistemafaeal.org.br\/senar\/wp-json\/wp\/v2\/users\/1"}],"replies":[{"embeddable":true,"href":"https:\/\/www.sistemafaeal.org.br\/senar\/wp-json\/wp\/v2\/comments?post=732"}],"version-history":[{"count":0,"href":"https:\/\/www.sistemafaeal.org.br\/senar\/wp-json\/wp\/v2\/pages\/732\/revisions"}],"up":[{"embeddable":true,"href":"https:\/\/www.sistemafaeal.org.br\/senar\/wp-json\/wp\/v2\/pages\/220"}],"wp:attachment":[{"href":"https:\/\/www.sistemafaeal.org.br\/senar\/wp-json\/wp\/v2\/media?parent=732"}],"curies":[{"name":"wp","href":"https:\/\/api.w.org\/{rel}","templated":true}]}}