{"id":7593,"date":"2023-05-10T09:45:14","date_gmt":"2023-05-10T12:45:14","guid":{"rendered":"https:\/\/www.sistemafaeal.org.br\/senar\/?page_id=7593"},"modified":"2023-05-10T09:50:27","modified_gmt":"2023-05-10T12:50:27","slug":"lgpd","status":"publish","type":"page","link":"https:\/\/www.sistemafaeal.org.br\/senar\/lgpd\/","title":{"rendered":"LGPD"},"content":{"rendered":"\t\t<div data-elementor-type=\"wp-page\" data-elementor-id=\"7593\" class=\"elementor elementor-7593\">\n\t\t\t\t<div class=\"elementor-element elementor-element-a6ee487 e-flex e-con-boxed e-con e-parent\" data-id=\"a6ee487\" data-element_type=\"container\" data-e-type=\"container\">\n\t\t\t\t\t<div class=\"e-con-inner\">\n\t\t\t\t\t<\/div>\n\t\t\t\t<\/div>\n\t\t<div class=\"elementor-element elementor-element-ac3d60b e-flex e-con-boxed e-con e-parent\" data-id=\"ac3d60b\" data-element_type=\"container\" data-e-type=\"container\">\n\t\t\t\t\t<div class=\"e-con-inner\">\n\t\t\t\t<div class=\"elementor-element elementor-element-ca88806 elementor-widget elementor-widget-text-editor\" data-id=\"ca88806\" data-element_type=\"widget\" data-e-type=\"widget\" data-widget_type=\"text-editor.default\">\n\t\t\t\t<div class=\"elementor-widget-container\">\n\t\t\t\t\t\t\t\t\t<h3>Ol\u00e1! Bem-vindo(a)!<\/h3><p>Esse canal foi criado exclusivamente para recebermos as suas solicita\u00e7\u00f5es quanto ao tratamento de seus dados pessoais realizado pelo\u00a0<strong>Sistema CNA\/SENAR.<\/strong><\/p><p>Assim, se voc\u00ea \u00e9 o titular dos dados, ou seu representante legal, basta acessar e preencher o formul\u00e1rio que disponibilizamos no link abaixo e em breve voc\u00ea vai receber o retorno.<\/p><h2>Registre aqui a sua solicita\u00e7\u00e3o relativa \u00e0 LGPD<\/h2>\t\t\t\t\t\t\t\t<\/div>\n\t\t\t\t<\/div>\n\t\t\t\t<div class=\"elementor-element elementor-element-58a574d elementor-widget elementor-widget-button\" data-id=\"58a574d\" data-element_type=\"widget\" data-e-type=\"widget\" data-widget_type=\"button.default\">\n\t\t\t\t<div class=\"elementor-widget-container\">\n\t\t\t\t\t\t\t\t\t<div class=\"elementor-button-wrapper\">\n\t\t\t\t\t<a class=\"elementor-button elementor-button-link elementor-size-sm\" href=\"https:\/\/sistema.complylgpd.com.br\/public\/componente\/requerimento-de-titular\/protocolos\/c70843f9-fd0a-4421-afa6-fcce4ac8c0ea\">\n\t\t\t\t\t\t<span class=\"elementor-button-content-wrapper\">\n\t\t\t\t\t\t\t\t\t<span class=\"elementor-button-text\">Registrar solicita\u00e7\u00e3o<\/span>\n\t\t\t\t\t<\/span>\n\t\t\t\t\t<\/a>\n\t\t\t\t<\/div>\n\t\t\t\t\t\t\t\t<\/div>\n\t\t\t\t<\/div>\n\t\t\t\t\t<\/div>\n\t\t\t\t<\/div>\n\t\t\t\t<\/div>\n\t\t","protected":false},"excerpt":{"rendered":"<p>Ol\u00e1! Bem-vindo(a)! Esse canal foi criado exclusivamente para recebermos as suas solicita\u00e7\u00f5es quanto ao tratamento de seus dados pessoais realizado pelo\u00a0Sistema CNA\/SENAR. Assim, se voc\u00ea \u00e9 o titular dos dados, ou seu representante legal, basta acessar e preencher o formul\u00e1rio que disponibilizamos no link abaixo e em breve voc\u00ea vai receber o retorno. Registre aqui [&hellip;]<\/p>\n","protected":false},"author":1,"featured_media":0,"parent":0,"menu_order":0,"comment_status":"closed","ping_status":"closed","template":"","meta":{"footnotes":""},"class_list":["post-7593","page","type-page","status-publish","hentry"],"_links":{"self":[{"href":"https:\/\/www.sistemafaeal.org.br\/senar\/wp-json\/wp\/v2\/pages\/7593","targetHints":{"allow":["GET"]}}],"collection":[{"href":"https:\/\/www.sistemafaeal.org.br\/senar\/wp-json\/wp\/v2\/pages"}],"about":[{"href":"https:\/\/www.sistemafaeal.org.br\/senar\/wp-json\/wp\/v2\/types\/page"}],"author":[{"embeddable":true,"href":"https:\/\/www.sistemafaeal.org.br\/senar\/wp-json\/wp\/v2\/users\/1"}],"replies":[{"embeddable":true,"href":"https:\/\/www.sistemafaeal.org.br\/senar\/wp-json\/wp\/v2\/comments?post=7593"}],"version-history":[{"count":5,"href":"https:\/\/www.sistemafaeal.org.br\/senar\/wp-json\/wp\/v2\/pages\/7593\/revisions"}],"predecessor-version":[{"id":7600,"href":"https:\/\/www.sistemafaeal.org.br\/senar\/wp-json\/wp\/v2\/pages\/7593\/revisions\/7600"}],"wp:attachment":[{"href":"https:\/\/www.sistemafaeal.org.br\/senar\/wp-json\/wp\/v2\/media?parent=7593"}],"curies":[{"name":"wp","href":"https:\/\/api.w.org\/{rel}","templated":true}]}}